{"id":2,"date":"2016-05-10T03:48:21","date_gmt":"2016-05-10T03:48:21","guid":{"rendered":"http:\/\/cartonagemipiranga.com.br\/?page_id=2"},"modified":"2023-08-02T14:03:51","modified_gmt":"2023-08-02T14:03:51","slug":"sample-page","status":"publish","type":"page","link":"http:\/\/cartonagemipiranga.com.br\/","title":{"rendered":"CARTONAGEM IPIRANGA"},"content":{"rendered":"<p>Empresa de Res\u00edduo T\u00eaxtil desde 1987<\/p>\n\n\n<p>Somos uma empresa de Reciclagem T\u00eaxtil, onde atuamos no segmento de compras e coleta de Res\u00edduo T\u00eaxtil.<br>Garantimos a reciclagem adequada dos res\u00edduos em mat\u00e9ria-prima de qualidade para outros segmentos. Sempre agindo com responsabilidade social e ambiental.<br>Trabalhamos com Caixa de Papel\u00e3o, Estopa, Tubetes, Saldos de fios.<\/p>\n\n\n\n<figure class=\"wp-block-image size-large is-resized\"><img loading=\"lazy\" src=\"http:\/\/cartonagemipiranga.com.br\/wp-content\/uploads\/2023\/08\/CARTONAGEM.jpeg\" alt=\"\" class=\"wp-image-154\" width=\"549\" height=\"411\" srcset=\"http:\/\/cartonagemipiranga.com.br\/wp-content\/uploads\/2023\/08\/CARTONAGEM.jpeg 800w, http:\/\/cartonagemipiranga.com.br\/wp-content\/uploads\/2023\/08\/CARTONAGEM-300x225.jpeg 300w, http:\/\/cartonagemipiranga.com.br\/wp-content\/uploads\/2023\/08\/CARTONAGEM-768x576.jpeg 768w\" sizes=\"(max-width: 549px) 100vw, 549px\" \/><\/figure>\n\n\n\n<p><\/p>\n\n\n\n<figure class=\"wp-block-image size-large is-resized\"><img loading=\"lazy\" src=\"http:\/\/cartonagemipiranga.com.br\/wp-content\/uploads\/2022\/07\/9b7d278f-1968-423b-89e3-56b0e64938cd-1024x766.jpg\" alt=\"Cartonagem Ipiranga \" class=\"wp-image-111\" width=\"546\" height=\"408\" srcset=\"http:\/\/cartonagemipiranga.com.br\/wp-content\/uploads\/2022\/07\/9b7d278f-1968-423b-89e3-56b0e64938cd-1024x766.jpg 1024w, http:\/\/cartonagemipiranga.com.br\/wp-content\/uploads\/2022\/07\/9b7d278f-1968-423b-89e3-56b0e64938cd-300x225.jpg 300w, http:\/\/cartonagemipiranga.com.br\/wp-content\/uploads\/2022\/07\/9b7d278f-1968-423b-89e3-56b0e64938cd-768x575.jpg 768w, http:\/\/cartonagemipiranga.com.br\/wp-content\/uploads\/2022\/07\/9b7d278f-1968-423b-89e3-56b0e64938cd.jpg 1280w\" sizes=\"(max-width: 546px) 100vw, 546px\" \/><figcaption>Cartonagem Ipiranga<\/figcaption><\/figure>\n\n\n\n<figure class=\"wp-block-image size-large is-resized\"><img loading=\"lazy\" src=\"http:\/\/cartonagemipiranga.com.br\/wp-content\/uploads\/2022\/07\/Caronagem1-1024x768.jpeg\" alt=\"\" class=\"wp-image-102\" width=\"553\" height=\"414\" srcset=\"http:\/\/cartonagemipiranga.com.br\/wp-content\/uploads\/2022\/07\/Caronagem1-1024x768.jpeg 1024w, http:\/\/cartonagemipiranga.com.br\/wp-content\/uploads\/2022\/07\/Caronagem1-300x225.jpeg 300w, http:\/\/cartonagemipiranga.com.br\/wp-content\/uploads\/2022\/07\/Caronagem1-768x576.jpeg 768w, http:\/\/cartonagemipiranga.com.br\/wp-content\/uploads\/2022\/07\/Caronagem1.jpeg 1280w\" sizes=\"(max-width: 553px) 100vw, 553px\" \/><\/figure>\n\n\n\n<figure class=\"wp-block-image size-large is-resized\"><img loading=\"lazy\" src=\"http:\/\/cartonagemipiranga.com.br\/wp-content\/uploads\/2022\/07\/IMG_3776-Large-1024x768.jpeg\" alt=\"\" class=\"wp-image-119\" width=\"554\" height=\"415\" srcset=\"http:\/\/cartonagemipiranga.com.br\/wp-content\/uploads\/2022\/07\/IMG_3776-Large-1024x768.jpeg 1024w, http:\/\/cartonagemipiranga.com.br\/wp-content\/uploads\/2022\/07\/IMG_3776-Large-300x225.jpeg 300w, http:\/\/cartonagemipiranga.com.br\/wp-content\/uploads\/2022\/07\/IMG_3776-Large-768x576.jpeg 768w, http:\/\/cartonagemipiranga.com.br\/wp-content\/uploads\/2022\/07\/IMG_3776-Large.jpeg 1280w\" sizes=\"(max-width: 554px) 100vw, 554px\" \/><\/figure>\n\n\n\n<figure class=\"wp-block-image size-large is-resized\"><img loading=\"lazy\" src=\"http:\/\/cartonagemipiranga.com.br\/wp-content\/uploads\/2023\/08\/1.png\" alt=\"\" class=\"wp-image-146\" width=\"557\" height=\"557\" srcset=\"http:\/\/cartonagemipiranga.com.br\/wp-content\/uploads\/2023\/08\/1.png 640w, http:\/\/cartonagemipiranga.com.br\/wp-content\/uploads\/2023\/08\/1-300x300.png 300w, http:\/\/cartonagemipiranga.com.br\/wp-content\/uploads\/2023\/08\/1-150x150.png 150w, http:\/\/cartonagemipiranga.com.br\/wp-content\/uploads\/2023\/08\/1-100x100.png 100w\" sizes=\"(max-width: 557px) 100vw, 557px\" \/><\/figure>\n","protected":false},"excerpt":{"rendered":"<p>Empresa de Res\u00edduo T\u00eaxtil desde 1987 Somos uma empresa de Reciclagem T\u00eaxtil, onde atuamos no segmento de compras e coleta de Res\u00edduo T\u00eaxtil.Garantimos a reciclagem adequada dos res\u00edduos em mat\u00e9ria-prima de qualidade para outros segmentos. Sempre agindo com responsabilidade social e ambiental.Trabalhamos com Caixa de Papel\u00e3o, Estopa, Tubetes, Saldos de fios.<\/p>\n","protected":false},"author":1,"featured_media":160,"parent":0,"menu_order":0,"comment_status":"closed","ping_status":"closed","template":"","meta":[],"_links":{"self":[{"href":"http:\/\/cartonagemipiranga.com.br\/index.php?rest_route=\/wp\/v2\/pages\/2"}],"collection":[{"href":"http:\/\/cartonagemipiranga.com.br\/index.php?rest_route=\/wp\/v2\/pages"}],"about":[{"href":"http:\/\/cartonagemipiranga.com.br\/index.php?rest_route=\/wp\/v2\/types\/page"}],"author":[{"embeddable":true,"href":"http:\/\/cartonagemipiranga.com.br\/index.php?rest_route=\/wp\/v2\/users\/1"}],"replies":[{"embeddable":true,"href":"http:\/\/cartonagemipiranga.com.br\/index.php?rest_route=%2Fwp%2Fv2%2Fcomments&post=2"}],"version-history":[{"count":16,"href":"http:\/\/cartonagemipiranga.com.br\/index.php?rest_route=\/wp\/v2\/pages\/2\/revisions"}],"predecessor-version":[{"id":159,"href":"http:\/\/cartonagemipiranga.com.br\/index.php?rest_route=\/wp\/v2\/pages\/2\/revisions\/159"}],"wp:featuredmedia":[{"embeddable":true,"href":"http:\/\/cartonagemipiranga.com.br\/index.php?rest_route=\/wp\/v2\/media\/160"}],"wp:attachment":[{"href":"http:\/\/cartonagemipiranga.com.br\/index.php?rest_route=%2Fwp%2Fv2%2Fmedia&parent=2"}],"curies":[{"name":"wp","href":"https:\/\/api.w.org\/{rel}","templated":true}]}}